{"id":12,"date":"2023-05-27T00:08:30","date_gmt":"2023-05-27T03:08:30","guid":{"rendered":"https:\/\/solucoes-woocommerce.com.br\/painel\/?post_type=product&#038;p=12"},"modified":"2024-11-11T10:46:47","modified_gmt":"2024-11-11T13:46:47","slug":"plugin-de-calculadora-de-frete","status":"publish","type":"product","link":"https:\/\/solucoes-woocommerce.com.br\/painel\/produto\/plugin-de-calculadora-de-frete\/","title":{"rendered":"Plugin de Calculadora de Frete"},"content":{"rendered":"<p>WooCommerce calcular frete na pagina do produto.<\/p>\n<p>Adicione a calculadora de frete na p\u00e1gina do produto da sua loja <a href=\"https:\/\/woocommerce.com\/\" target=\"_blank\" rel=\"noopener\">WooCommerce<\/a> e venda mais! O \u00fanico plugin que funciona com todas as formas de entrega configuradas na sua loja.<\/p>\n<p>D\u00ea a seu cliente a melhor experi\u00eancia de compra!<\/p>\n<p>A experi\u00eancia do usu\u00e1rio \u00e9 um conjunto de atributos que determinam o qu\u00e3o satisfat\u00f3ria \u00e9 a navega\u00e7\u00e3o em um site, no que se refere tanto ao funcionamento t\u00e9cnico e \u00e0 organiza\u00e7\u00e3o estrutural das p\u00e1ginas quanto ao valor gerado pelo conte\u00fado acessado.<\/p>\n<p>Quando falamos de e-commerce, \u00e9 ainda mais importante considerar isto, uma vez que essa experi\u00eancia ser\u00e1 convertida ou n\u00e3o em vendas. Ter a op\u00e7\u00e3o de simular o frete ainda na p\u00e1gina do produto j\u00e1 \u00e9 quase um obriga\u00e7\u00e3o nos tempos de hoje e infelizmente isso n\u00e3o \u00e9 poss\u00edvel em lojas desenvolvidas com <a href=\"https:\/\/woocommerce.com\/\" target=\"_blank\" rel=\"noopener\">WooCommerce<\/a>.<\/p>\n<p>Pensando nisso, criamos este maravilhoso plugin, que desde que foi lan\u00e7ado na vers\u00e3o <a href=\"https:\/\/github.com\/valdeirs2\/woocommerce-shipping-calculator-in-product\" target=\"_blank\" rel=\"noopener\">gratuita<\/a>, j\u00e1 ajudou centenas de lojistas e proporcionarem esta experi\u00eancia para o usu\u00e1rio e aumentarem as suas vendas.<\/p>\n<p>E os n\u00fameros falam por si! S\u00e3o mais de 300 acessos semanais, o que mostra que esta ferramenta \u00e9 extremamente importante e esperada por todos que usam <a href=\"https:\/\/woocommerce.com\/\" target=\"_blank\" rel=\"noopener\">WooCommerce<\/a>.<\/p>\n<p>Aproveite todos os benef\u00edcios do plugin WooCommerce calcular frete na pagina do produto<\/p>\n<p>Veja mais detalhes <a href=\"https:\/\/solucoes-woocommerce.com.br\/\">aqui<\/a><\/p>\n","protected":false},"excerpt":{"rendered":"<h1 class=\"title\">Aumente sua taxa de convers\u00e3o!<\/h1>\n<p class=\"subtitle\">Sabemos que o frete influencia diretamente na compra, e por isso \u00e9 muito importante que esse valor seja informado desde o come\u00e7o para o cliente. Ter a possibilidade de simular o frete j\u00e1 na p\u00e1gina do produto \u00e1 um grande aliado para aumentar a sua taxa de convers\u00e3o e evitar que o cliente abandone a compra.<\/p>\n<p>Que tal come\u00e7ar a aumentar as suas vendas agora?<\/p>\n","protected":false},"featured_media":14,"comment_status":"open","ping_status":"closed","template":"","meta":[],"product_brand":[],"product_cat":[15],"product_tag":[],"class_list":{"0":"post-12","1":"product","2":"type-product","3":"status-publish","4":"has-post-thumbnail","6":"product_cat-sem-categoria","8":"first","9":"instock","10":"sale","11":"sold-individually","12":"shipping-taxable","13":"purchasable","14":"product-type-variable"},"yoast_head":"<!-- This site is optimized with the Yoast SEO plugin v24.3 - https:\/\/yoast.com\/wordpress\/plugins\/seo\/ -->\n<title>Plugin de Calculadora de Frete - Solu\u00e7\u00f5es WooCommerce<\/title>\n<meta name=\"robots\" content=\"index, follow, max-snippet:-1, max-image-preview:large, max-video-preview:-1\" \/>\n<link rel=\"canonical\" href=\"https:\/\/solucoes-woocommerce.com.br\/painel\/produto\/plugin-de-calculadora-de-frete\/\" \/>\n<meta property=\"og:locale\" content=\"pt_BR\" \/>\n<meta property=\"og:type\" content=\"article\" \/>\n<meta property=\"og:title\" content=\"Plugin de Calculadora de Frete - Solu\u00e7\u00f5es WooCommerce\" \/>\n<meta property=\"og:description\" content=\"Aumente sua taxa de convers\u00e3o! Sabemos que o frete influencia diretamente na compra, e por isso \u00e9 muito importante que esse valor seja informado desde o come\u00e7o para o cliente. Ter a possibilidade de simular o frete j\u00e1 na p\u00e1gina do produto \u00e1 um grande aliado para aumentar a sua taxa de convers\u00e3o e evitar que o cliente abandone a compra. Que tal come\u00e7ar a aumentar as suas vendas agora?\" \/>\n<meta property=\"og:url\" content=\"https:\/\/solucoes-woocommerce.com.br\/painel\/produto\/plugin-de-calculadora-de-frete\/\" \/>\n<meta property=\"og:site_name\" content=\"Solu\u00e7\u00f5es WooCommerce\" \/>\n<meta property=\"article:modified_time\" content=\"2024-11-11T13:46:47+00:00\" \/>\n<meta property=\"og:image\" content=\"https:\/\/solucoes-woocommerce.com.br\/painel\/wp-content\/uploads\/2023\/05\/w1-1.png\" \/>\n\t<meta property=\"og:image:width\" content=\"434\" \/>\n\t<meta property=\"og:image:height\" content=\"529\" \/>\n\t<meta property=\"og:image:type\" content=\"image\/png\" \/>\n<meta name=\"twitter:card\" content=\"summary_large_image\" \/>\n<meta name=\"twitter:label1\" content=\"Est. tempo de leitura\" \/>\n\t<meta name=\"twitter:data1\" content=\"1 minuto\" \/>\n<script type=\"application\/ld+json\" class=\"yoast-schema-graph\">{\"@context\":\"https:\/\/schema.org\",\"@graph\":[{\"@type\":\"WebPage\",\"@id\":\"https:\/\/solucoes-woocommerce.com.br\/painel\/produto\/plugin-de-calculadora-de-frete\/\",\"url\":\"https:\/\/solucoes-woocommerce.com.br\/painel\/produto\/plugin-de-calculadora-de-frete\/\",\"name\":\"Plugin de Calculadora de Frete - Solu\u00e7\u00f5es WooCommerce\",\"isPartOf\":{\"@id\":\"https:\/\/solucoes-woocommerce.com.br\/painel\/#website\"},\"primaryImageOfPage\":{\"@id\":\"https:\/\/solucoes-woocommerce.com.br\/painel\/produto\/plugin-de-calculadora-de-frete\/#primaryimage\"},\"image\":{\"@id\":\"https:\/\/solucoes-woocommerce.com.br\/painel\/produto\/plugin-de-calculadora-de-frete\/#primaryimage\"},\"thumbnailUrl\":\"https:\/\/solucoes-woocommerce.com.br\/painel\/wp-content\/uploads\/2023\/05\/w1-1.png\",\"datePublished\":\"2023-05-27T03:08:30+00:00\",\"dateModified\":\"2024-11-11T13:46:47+00:00\",\"breadcrumb\":{\"@id\":\"https:\/\/solucoes-woocommerce.com.br\/painel\/produto\/plugin-de-calculadora-de-frete\/#breadcrumb\"},\"inLanguage\":\"pt-BR\",\"potentialAction\":[{\"@type\":\"ReadAction\",\"target\":[\"https:\/\/solucoes-woocommerce.com.br\/painel\/produto\/plugin-de-calculadora-de-frete\/\"]}]},{\"@type\":\"ImageObject\",\"inLanguage\":\"pt-BR\",\"@id\":\"https:\/\/solucoes-woocommerce.com.br\/painel\/produto\/plugin-de-calculadora-de-frete\/#primaryimage\",\"url\":\"https:\/\/solucoes-woocommerce.com.br\/painel\/wp-content\/uploads\/2023\/05\/w1-1.png\",\"contentUrl\":\"https:\/\/solucoes-woocommerce.com.br\/painel\/wp-content\/uploads\/2023\/05\/w1-1.png\",\"width\":434,\"height\":529},{\"@type\":\"BreadcrumbList\",\"@id\":\"https:\/\/solucoes-woocommerce.com.br\/painel\/produto\/plugin-de-calculadora-de-frete\/#breadcrumb\",\"itemListElement\":[{\"@type\":\"ListItem\",\"position\":1,\"name\":\"In\u00edcio\",\"item\":\"https:\/\/solucoes-woocommerce.com.br\/painel\/\"},{\"@type\":\"ListItem\",\"position\":2,\"name\":\"Loja\",\"item\":\"https:\/\/solucoes-woocommerce.com.br\/painel\/\"},{\"@type\":\"ListItem\",\"position\":3,\"name\":\"Plugin de Calculadora de Frete\"}]},{\"@type\":\"WebSite\",\"@id\":\"https:\/\/solucoes-woocommerce.com.br\/painel\/#website\",\"url\":\"https:\/\/solucoes-woocommerce.com.br\/painel\/\",\"name\":\"Solu\u00e7\u00f5es WooCommerce\",\"description\":\"\",\"potentialAction\":[{\"@type\":\"SearchAction\",\"target\":{\"@type\":\"EntryPoint\",\"urlTemplate\":\"https:\/\/solucoes-woocommerce.com.br\/painel\/?s={search_term_string}\"},\"query-input\":{\"@type\":\"PropertyValueSpecification\",\"valueRequired\":true,\"valueName\":\"search_term_string\"}}],\"inLanguage\":\"pt-BR\"}]}<\/script>\n<!-- \/ Yoast SEO plugin. -->","yoast_head_json":{"title":"Plugin de Calculadora de Frete - Solu\u00e7\u00f5es WooCommerce","robots":{"index":"index","follow":"follow","max-snippet":"max-snippet:-1","max-image-preview":"max-image-preview:large","max-video-preview":"max-video-preview:-1"},"canonical":"https:\/\/solucoes-woocommerce.com.br\/painel\/produto\/plugin-de-calculadora-de-frete\/","og_locale":"pt_BR","og_type":"article","og_title":"Plugin de Calculadora de Frete - Solu\u00e7\u00f5es WooCommerce","og_description":"Aumente sua taxa de convers\u00e3o! Sabemos que o frete influencia diretamente na compra, e por isso \u00e9 muito importante que esse valor seja informado desde o come\u00e7o para o cliente. Ter a possibilidade de simular o frete j\u00e1 na p\u00e1gina do produto \u00e1 um grande aliado para aumentar a sua taxa de convers\u00e3o e evitar que o cliente abandone a compra. Que tal come\u00e7ar a aumentar as suas vendas agora?","og_url":"https:\/\/solucoes-woocommerce.com.br\/painel\/produto\/plugin-de-calculadora-de-frete\/","og_site_name":"Solu\u00e7\u00f5es WooCommerce","article_modified_time":"2024-11-11T13:46:47+00:00","og_image":[{"width":434,"height":529,"url":"https:\/\/solucoes-woocommerce.com.br\/painel\/wp-content\/uploads\/2023\/05\/w1-1.png","type":"image\/png"}],"twitter_card":"summary_large_image","twitter_misc":{"Est. tempo de leitura":"1 minuto"},"schema":{"@context":"https:\/\/schema.org","@graph":[{"@type":"WebPage","@id":"https:\/\/solucoes-woocommerce.com.br\/painel\/produto\/plugin-de-calculadora-de-frete\/","url":"https:\/\/solucoes-woocommerce.com.br\/painel\/produto\/plugin-de-calculadora-de-frete\/","name":"Plugin de Calculadora de Frete - Solu\u00e7\u00f5es WooCommerce","isPartOf":{"@id":"https:\/\/solucoes-woocommerce.com.br\/painel\/#website"},"primaryImageOfPage":{"@id":"https:\/\/solucoes-woocommerce.com.br\/painel\/produto\/plugin-de-calculadora-de-frete\/#primaryimage"},"image":{"@id":"https:\/\/solucoes-woocommerce.com.br\/painel\/produto\/plugin-de-calculadora-de-frete\/#primaryimage"},"thumbnailUrl":"https:\/\/solucoes-woocommerce.com.br\/painel\/wp-content\/uploads\/2023\/05\/w1-1.png","datePublished":"2023-05-27T03:08:30+00:00","dateModified":"2024-11-11T13:46:47+00:00","breadcrumb":{"@id":"https:\/\/solucoes-woocommerce.com.br\/painel\/produto\/plugin-de-calculadora-de-frete\/#breadcrumb"},"inLanguage":"pt-BR","potentialAction":[{"@type":"ReadAction","target":["https:\/\/solucoes-woocommerce.com.br\/painel\/produto\/plugin-de-calculadora-de-frete\/"]}]},{"@type":"ImageObject","inLanguage":"pt-BR","@id":"https:\/\/solucoes-woocommerce.com.br\/painel\/produto\/plugin-de-calculadora-de-frete\/#primaryimage","url":"https:\/\/solucoes-woocommerce.com.br\/painel\/wp-content\/uploads\/2023\/05\/w1-1.png","contentUrl":"https:\/\/solucoes-woocommerce.com.br\/painel\/wp-content\/uploads\/2023\/05\/w1-1.png","width":434,"height":529},{"@type":"BreadcrumbList","@id":"https:\/\/solucoes-woocommerce.com.br\/painel\/produto\/plugin-de-calculadora-de-frete\/#breadcrumb","itemListElement":[{"@type":"ListItem","position":1,"name":"In\u00edcio","item":"https:\/\/solucoes-woocommerce.com.br\/painel\/"},{"@type":"ListItem","position":2,"name":"Loja","item":"https:\/\/solucoes-woocommerce.com.br\/painel\/"},{"@type":"ListItem","position":3,"name":"Plugin de Calculadora de Frete"}]},{"@type":"WebSite","@id":"https:\/\/solucoes-woocommerce.com.br\/painel\/#website","url":"https:\/\/solucoes-woocommerce.com.br\/painel\/","name":"Solu\u00e7\u00f5es WooCommerce","description":"","potentialAction":[{"@type":"SearchAction","target":{"@type":"EntryPoint","urlTemplate":"https:\/\/solucoes-woocommerce.com.br\/painel\/?s={search_term_string}"},"query-input":{"@type":"PropertyValueSpecification","valueRequired":true,"valueName":"search_term_string"}}],"inLanguage":"pt-BR"}]}},"_links":{"self":[{"href":"https:\/\/solucoes-woocommerce.com.br\/painel\/wp-json\/wp\/v2\/product\/12","targetHints":{"allow":["GET"]}}],"collection":[{"href":"https:\/\/solucoes-woocommerce.com.br\/painel\/wp-json\/wp\/v2\/product"}],"about":[{"href":"https:\/\/solucoes-woocommerce.com.br\/painel\/wp-json\/wp\/v2\/types\/product"}],"replies":[{"embeddable":true,"href":"https:\/\/solucoes-woocommerce.com.br\/painel\/wp-json\/wp\/v2\/comments?post=12"}],"version-history":[{"count":2,"href":"https:\/\/solucoes-woocommerce.com.br\/painel\/wp-json\/wp\/v2\/product\/12\/revisions"}],"predecessor-version":[{"id":27,"href":"https:\/\/solucoes-woocommerce.com.br\/painel\/wp-json\/wp\/v2\/product\/12\/revisions\/27"}],"wp:featuredmedia":[{"embeddable":true,"href":"https:\/\/solucoes-woocommerce.com.br\/painel\/wp-json\/wp\/v2\/media\/14"}],"wp:attachment":[{"href":"https:\/\/solucoes-woocommerce.com.br\/painel\/wp-json\/wp\/v2\/media?parent=12"}],"wp:term":[{"taxonomy":"product_brand","embeddable":true,"href":"https:\/\/solucoes-woocommerce.com.br\/painel\/wp-json\/wp\/v2\/product_brand?post=12"},{"taxonomy":"product_cat","embeddable":true,"href":"https:\/\/solucoes-woocommerce.com.br\/painel\/wp-json\/wp\/v2\/product_cat?post=12"},{"taxonomy":"product_tag","embeddable":true,"href":"https:\/\/solucoes-woocommerce.com.br\/painel\/wp-json\/wp\/v2\/product_tag?post=12"}],"curies":[{"name":"wp","href":"https:\/\/api.w.org\/{rel}","templated":true}]}}